{"id":840,"date":"2018-10-13T06:39:32","date_gmt":"2018-10-13T06:39:32","guid":{"rendered":"https:\/\/physio-im-sueden.de\/?page_id=840"},"modified":"2024-03-01T12:03:34","modified_gmt":"2024-03-01T12:03:34","slug":"impressum","status":"publish","type":"page","link":"https:\/\/physio-im-sueden.de\/?page_id=840","title":{"rendered":"IMPRESSUM"},"content":{"rendered":"\t\t<div data-elementor-type=\"wp-post\" data-elementor-id=\"840\" class=\"elementor elementor-840\">\n\t\t\t\t\t\t<div class=\"elementor-inner\">\n\t\t\t\t<div class=\"elementor-section-wrap\">\n\t\t\t\t\t\t\t\t\t<section class=\"elementor-section elementor-top-section elementor-element elementor-element-e19558e elementor-section-boxed elementor-section-height-default elementor-section-height-default\" data-id=\"e19558e\" data-element_type=\"section\" data-settings=\"{&quot;jet_parallax_layout_list&quot;:[{&quot;jet_parallax_layout_image&quot;:{&quot;url&quot;:&quot;&quot;,&quot;id&quot;:&quot;&quot;},&quot;_id&quot;:&quot;ffba201&quot;,&quot;jet_parallax_layout_image_tablet&quot;:{&quot;url&quot;:&quot;&quot;,&quot;id&quot;:&quot;&quot;},&quot;jet_parallax_layout_image_mobile&quot;:{&quot;url&quot;:&quot;&quot;,&quot;id&quot;:&quot;&quot;},&quot;jet_parallax_layout_speed&quot;:{&quot;unit&quot;:&quot;%&quot;,&quot;size&quot;:50,&quot;sizes&quot;:[]},&quot;jet_parallax_layout_type&quot;:&quot;scroll&quot;,&quot;jet_parallax_layout_direction&quot;:null,&quot;jet_parallax_layout_fx_direction&quot;:null,&quot;jet_parallax_layout_z_index&quot;:&quot;&quot;,&quot;jet_parallax_layout_bg_x&quot;:50,&quot;jet_parallax_layout_bg_x_tablet&quot;:&quot;&quot;,&quot;jet_parallax_layout_bg_x_mobile&quot;:&quot;&quot;,&quot;jet_parallax_layout_bg_y&quot;:50,&quot;jet_parallax_layout_bg_y_tablet&quot;:&quot;&quot;,&quot;jet_parallax_layout_bg_y_mobile&quot;:&quot;&quot;,&quot;jet_parallax_layout_bg_size&quot;:&quot;auto&quot;,&quot;jet_parallax_layout_bg_size_tablet&quot;:&quot;&quot;,&quot;jet_parallax_layout_bg_size_mobile&quot;:&quot;&quot;,&quot;jet_parallax_layout_animation_prop&quot;:&quot;transform&quot;,&quot;jet_parallax_layout_on&quot;:[&quot;desktop&quot;,&quot;tablet&quot;]}]}\">\n\t\t\t\t\t\t<div class=\"elementor-container elementor-column-gap-default\">\n\t\t\t\t\t\t\t<div class=\"elementor-row\">\n\t\t\t\t\t<div class=\"elementor-column elementor-col-50 elementor-top-column elementor-element elementor-element-cdc8b70\" data-id=\"cdc8b70\" data-element_type=\"column\">\n\t\t\t<div class=\"elementor-column-wrap\">\n\t\t\t\t\t\t\t<div class=\"elementor-widget-wrap\">\n\t\t\t\t\t\t\t\t<\/div>\n\t\t\t\t\t<\/div>\n\t\t<\/div>\n\t\t\t\t<div class=\"elementor-column elementor-col-50 elementor-top-column elementor-element elementor-element-487ad97\" data-id=\"487ad97\" data-element_type=\"column\">\n\t\t\t<div class=\"elementor-column-wrap\">\n\t\t\t\t\t\t\t<div class=\"elementor-widget-wrap\">\n\t\t\t\t\t\t\t\t<\/div>\n\t\t\t\t\t<\/div>\n\t\t<\/div>\n\t\t\t\t\t\t\t\t<\/div>\n\t\t\t\t\t<\/div>\n\t\t<\/section>\n\t\t\t\t<section class=\"elementor-section elementor-top-section elementor-element elementor-element-a8caf8d elementor-section-boxed elementor-section-height-default elementor-section-height-default\" data-id=\"a8caf8d\" data-element_type=\"section\" data-settings=\"{&quot;jet_parallax_layout_list&quot;:[{&quot;jet_parallax_layout_image&quot;:{&quot;url&quot;:&quot;&quot;,&quot;id&quot;:&quot;&quot;},&quot;_id&quot;:&quot;cd437c2&quot;,&quot;jet_parallax_layout_image_tablet&quot;:{&quot;url&quot;:&quot;&quot;,&quot;id&quot;:&quot;&quot;},&quot;jet_parallax_layout_image_mobile&quot;:{&quot;url&quot;:&quot;&quot;,&quot;id&quot;:&quot;&quot;},&quot;jet_parallax_layout_speed&quot;:{&quot;unit&quot;:&quot;%&quot;,&quot;size&quot;:50,&quot;sizes&quot;:[]},&quot;jet_parallax_layout_type&quot;:&quot;scroll&quot;,&quot;jet_parallax_layout_direction&quot;:null,&quot;jet_parallax_layout_fx_direction&quot;:null,&quot;jet_parallax_layout_z_index&quot;:&quot;&quot;,&quot;jet_parallax_layout_bg_x&quot;:50,&quot;jet_parallax_layout_bg_x_tablet&quot;:&quot;&quot;,&quot;jet_parallax_layout_bg_x_mobile&quot;:&quot;&quot;,&quot;jet_parallax_layout_bg_y&quot;:50,&quot;jet_parallax_layout_bg_y_tablet&quot;:&quot;&quot;,&quot;jet_parallax_layout_bg_y_mobile&quot;:&quot;&quot;,&quot;jet_parallax_layout_bg_size&quot;:&quot;auto&quot;,&quot;jet_parallax_layout_bg_size_tablet&quot;:&quot;&quot;,&quot;jet_parallax_layout_bg_size_mobile&quot;:&quot;&quot;,&quot;jet_parallax_layout_animation_prop&quot;:&quot;transform&quot;,&quot;jet_parallax_layout_on&quot;:[&quot;desktop&quot;,&quot;tablet&quot;]}]}\">\n\t\t\t\t\t\t<div class=\"elementor-container elementor-column-gap-default\">\n\t\t\t\t\t\t\t<div class=\"elementor-row\">\n\t\t\t\t\t<div class=\"elementor-column elementor-col-100 elementor-top-column elementor-element elementor-element-5c47eda\" data-id=\"5c47eda\" data-element_type=\"column\">\n\t\t\t<div class=\"elementor-column-wrap elementor-element-populated\">\n\t\t\t\t\t\t\t<div class=\"elementor-widget-wrap\">\n\t\t\t\t\t\t<div class=\"elementor-element elementor-element-2711a8f elementor-widget elementor-widget-heading\" data-id=\"2711a8f\" data-element_type=\"widget\" data-widget_type=\"heading.default\">\n\t\t\t\t<div class=\"elementor-widget-container\">\n\t\t\t<h2 class=\"elementor-heading-title elementor-size-default\">IMPRESSUM<\/h2>\t\t<\/div>\n\t\t\t\t<\/div>\n\t\t\t\t<div class=\"elementor-element elementor-element-518194f elementor-widget elementor-widget-spacer\" data-id=\"518194f\" data-element_type=\"widget\" data-widget_type=\"spacer.default\">\n\t\t\t\t<div class=\"elementor-widget-container\">\n\t\t\t\t\t<div class=\"elementor-spacer\">\n\t\t\t<div class=\"elementor-spacer-inner\"><\/div>\n\t\t<\/div>\n\t\t\t\t<\/div>\n\t\t\t\t<\/div>\n\t\t\t\t<div class=\"elementor-element elementor-element-efc4f89 elementor-widget elementor-widget-text-editor\" data-id=\"efc4f89\" data-element_type=\"widget\" data-widget_type=\"text-editor.default\">\n\t\t\t\t<div class=\"elementor-widget-container\">\n\t\t\t\t\t\t\t\t<div class=\"elementor-text-editor elementor-clearfix\">\n\t\t\t\t<p><strong>Physio im S\u00fcden<br \/><\/strong>Praxis f\u00fcr\u00a0<span style=\"font-family: -apple-system, BlinkMacSystemFont, 'Segoe UI', Roboto, 'Helvetica Neue', Arial, sans-serif, 'Apple Color Emoji', 'Segoe UI Emoji', 'Segoe UI Symbol';\">Physiotherapie und\u00a0<\/span>Osteopathie\u00a0<\/p><p><strong>Sabine Kranzler<\/strong><\/p><p>B\u00f6blinger Stra\u00dfe 86<br \/>70199 Stuttgart<br \/>+49 (0) 711 \/ 640 22 62<br \/>praxis@physio-im-sueden.de<\/p><p><b>Vertreten durch:<\/b><br \/>Sabine Kranzler<\/p><p>Berufsbezeichnung:<br \/>Physiotherapeutin, Heilpraktikerin, nach dem Recht der Bundesrepublik Deutschland<\/p><p>Berufsrechtliche Regelung:<br \/>Gesetz \u00fcber die Berufe in der Physiotherapie (Masseur- und Physiotherapeutengesetz &#8211; MPhG)<br \/>http:\/\/www.gesetze-im-internet.de\/mphg\/MPhG.pdf<br \/>Gesetz \u00fcber die berufsm\u00e4\u00dfige Aus\u00fcbung der Heilkunde ohne Bestallung (Heilpraktikergesetz)<br \/>http:\/\/www.gesetze-im-internet.de\/heilprg\/HeilprG.pdf<\/p><p>Zust\u00e4ndige Aufsichtsbeh\u00f6rde:<br \/>Gesundheitsamt Stuttgart<\/p><p><strong>Fotos:<\/strong><br \/>Sandra Wolf, <a href=\"https:\/\/www.sandra-wolf.de\/\">www.sandra-wolf.de<\/a><\/p><p><strong>Webdesign und technische Umsetzung:<\/strong><br \/>STUDIO FAU, <a href=\"https:\/\/studio-fau.de\" target=\"_blank\" rel=\"noopener\">studio-fau.de<\/a><\/p><p><strong>Disclaimer \u2013 rechtliche Hinweise<br \/><\/strong><br \/>\u00a7 1 Warnhinweis zu Inhalten<br \/>Die kostenlosen und frei zug\u00e4nglichen Inhalte dieser Webseite wurden mit\u00a0gr\u00f6\u00dftm\u00f6glicher Sorgfalt erstellt. Der Anbieter dieser Webseite \u00fcbernimmt\u00a0jedoch keine Gew\u00e4hr f\u00fcr die Richtigkeit und Aktualit\u00e4t der\u00a0bereitgestellten kostenlosen und frei zug\u00e4nglichen journalistischen\u00a0Ratgeber und Nachrichten. Namentlich gekennzeichnete Beitr\u00e4ge geben die\u00a0Meinung des jeweiligen Autors und nicht immer die Meinung des Anbieters\u00a0wieder. Allein durch den Aufruf der kostenlosen und frei zug\u00e4nglichen\u00a0Inhalte kommt keinerlei Vertragsverh\u00e4ltnis zwischen dem Nutzer und dem\u00a0Anbieter zustande, insoweit fehlt es am Rechtsbindungswillen des\u00a0Anbieters.<\/p><p>\u00a7 2 Externe Links<br \/>Diese Website enth\u00e4lt Verkn\u00fcpfungen zu Websites Dritter (\u201cexterne Links\u201d). Diese Websites unterliegen der Haftung der jeweiligen\u00a0Betreiber. Der Anbieter hat bei der erstmaligen Verkn\u00fcpfung der externen\u00a0Links die fremden Inhalte daraufhin \u00fcberpr\u00fcft, ob etwaige Rechtsverst\u00f6\u00dfe\u00a0bestehen. Zu dem Zeitpunkt waren keine Rechtsverst\u00f6\u00dfe ersichtlich. Der<br \/>Anbieter hat keinerlei Einfluss auf die aktuelle und zuk\u00fcnftige\u00a0Gestaltung und auf die Inhalte der verkn\u00fcpften Seiten. Das Setzen von\u00a0externen Links bedeutet nicht, dass sich der Anbieter die hinter dem\u00a0Verweis oder Link liegenden Inhalte zu Eigen macht. Eine st\u00e4ndige\u00a0Kontrolle der externen Links ist f\u00fcr den Anbieter ohne konkrete Hinweise\u00a0auf Rechtsverst\u00f6\u00dfe nicht zumutbar. Bei Kenntnis von Rechtsverst\u00f6\u00dfen\u00a0werden jedoch derartige externe Links unverz\u00fcglich gel\u00f6scht.<\/p><p>\u00a7 3 Urheber- und Leistungsschutzrechte<br \/>Die auf dieser Website ver\u00f6ffentlichten Inhalte unterliegen dem deutschen Urheber- und Leistungsschutzrecht. Jede vom deutschen Urheber-\u00a0und Leistungsschutzrecht nicht zugelassene Verwertung bedarf der\u00a0vorherigen schriftlichen Zustimmung des Anbieters oder jeweiligen\u00a0Rechteinhabers. Dies gilt insbesondere f\u00fcr Vervielf\u00e4ltigung,\u00a0Bearbeitung, \u00dcbersetzung, Einspeicherung, Verarbeitung bzw. Wiedergabe\u00a0von Inhalten in Datenbanken oder anderen elektronischen Medien und\u00a0Systemen. Inhalte und Rechte Dritter sind dabei als solche\u00a0gekennzeichnet. Die unerlaubte Vervielf\u00e4ltigung oder Weitergabe\u00a0einzelner Inhalte oder kompletter Seiten ist nicht gestattet und\u00a0strafbar. Lediglich die Herstellung von Kopien und Downloads f\u00fcr den\u00a0pers\u00f6nlichen, privaten und nicht kommerziellen Gebrauch ist erlaubt.\u00a0Die Darstellung dieser Website in fremden Frames ist nur mit<br \/>schriftlicher Erlaubnis zul\u00e4ssig. \u00a7 4 Besondere Nutzungsbedingungen<\/p><p>Soweit besondere Bedingungen f\u00fcr einzelne Nutzungen dieser Website von\u00a0den vorgenannten Paragraphen abweichen, wird an entsprechender Stelle\u00a0ausdr\u00fccklich darauf hingewiesen. In diesem Falle gelten im jeweiligen\u00a0Einzelfall die besonderen Nutzungsbedingungen.<\/p>\t\t\t\t\t<\/div>\n\t\t\t\t\t\t<\/div>\n\t\t\t\t<\/div>\n\t\t\t\t<div class=\"elementor-element elementor-element-8aca7b7 elementor-widget elementor-widget-spacer\" data-id=\"8aca7b7\" data-element_type=\"widget\" data-widget_type=\"spacer.default\">\n\t\t\t\t<div class=\"elementor-widget-container\">\n\t\t\t\t\t<div class=\"elementor-spacer\">\n\t\t\t<div class=\"elementor-spacer-inner\"><\/div>\n\t\t<\/div>\n\t\t\t\t<\/div>\n\t\t\t\t<\/div>\n\t\t\t\t\t\t<\/div>\n\t\t\t\t\t<\/div>\n\t\t<\/div>\n\t\t\t\t\t\t\t\t<\/div>\n\t\t\t\t\t<\/div>\n\t\t<\/section>\n\t\t\t\t<section class=\"elementor-section elementor-top-section elementor-element elementor-element-806a61e elementor-hidden-desktop elementor-hidden-phone elementor-section-boxed elementor-section-height-default elementor-section-height-default\" data-id=\"806a61e\" data-element_type=\"section\" data-settings=\"{&quot;jet_parallax_layout_list&quot;:[{&quot;jet_parallax_layout_image&quot;:{&quot;url&quot;:&quot;&quot;,&quot;id&quot;:&quot;&quot;},&quot;_id&quot;:&quot;6bf4a8d&quot;,&quot;jet_parallax_layout_image_tablet&quot;:{&quot;url&quot;:&quot;&quot;,&quot;id&quot;:&quot;&quot;},&quot;jet_parallax_layout_image_mobile&quot;:{&quot;url&quot;:&quot;&quot;,&quot;id&quot;:&quot;&quot;},&quot;jet_parallax_layout_speed&quot;:{&quot;unit&quot;:&quot;%&quot;,&quot;size&quot;:50,&quot;sizes&quot;:[]},&quot;jet_parallax_layout_type&quot;:&quot;scroll&quot;,&quot;jet_parallax_layout_direction&quot;:null,&quot;jet_parallax_layout_fx_direction&quot;:null,&quot;jet_parallax_layout_z_index&quot;:&quot;&quot;,&quot;jet_parallax_layout_bg_x&quot;:50,&quot;jet_parallax_layout_bg_x_tablet&quot;:&quot;&quot;,&quot;jet_parallax_layout_bg_x_mobile&quot;:&quot;&quot;,&quot;jet_parallax_layout_bg_y&quot;:50,&quot;jet_parallax_layout_bg_y_tablet&quot;:&quot;&quot;,&quot;jet_parallax_layout_bg_y_mobile&quot;:&quot;&quot;,&quot;jet_parallax_layout_bg_size&quot;:&quot;auto&quot;,&quot;jet_parallax_layout_bg_size_tablet&quot;:&quot;&quot;,&quot;jet_parallax_layout_bg_size_mobile&quot;:&quot;&quot;,&quot;jet_parallax_layout_animation_prop&quot;:&quot;transform&quot;,&quot;jet_parallax_layout_on&quot;:[&quot;desktop&quot;,&quot;tablet&quot;]}],&quot;background_background&quot;:&quot;classic&quot;}\">\n\t\t\t\t\t\t<div class=\"elementor-container elementor-column-gap-default\">\n\t\t\t\t\t\t\t<div class=\"elementor-row\">\n\t\t\t\t\t<div class=\"elementor-column elementor-col-100 elementor-top-column elementor-element elementor-element-853f9ad\" data-id=\"853f9ad\" data-element_type=\"column\">\n\t\t\t<div class=\"elementor-column-wrap elementor-element-populated\">\n\t\t\t\t\t\t\t<div class=\"elementor-widget-wrap\">\n\t\t\t\t\t\t<div class=\"elementor-element elementor-element-385f372 elementor-widget elementor-widget-spacer\" data-id=\"385f372\" data-element_type=\"widget\" data-widget_type=\"spacer.default\">\n\t\t\t\t<div class=\"elementor-widget-container\">\n\t\t\t\t\t<div class=\"elementor-spacer\">\n\t\t\t<div class=\"elementor-spacer-inner\"><\/div>\n\t\t<\/div>\n\t\t\t\t<\/div>\n\t\t\t\t<\/div>\n\t\t\t\t\t\t<\/div>\n\t\t\t\t\t<\/div>\n\t\t<\/div>\n\t\t\t\t\t\t\t\t<\/div>\n\t\t\t\t\t<\/div>\n\t\t<\/section>\n\t\t\t\t\t\t\t\t\t<\/div>\n\t\t\t<\/div>\n\t\t\t\t\t<\/div>\n\t\t","protected":false},"excerpt":{"rendered":"<p>IMPRESSUM Physio im S\u00fcdenPraxis f\u00fcr\u00a0Physiotherapie und\u00a0Osteopathie\u00a0 Sabine Kranzler B\u00f6blinger Stra\u00dfe 8670199 Stuttgart+49 (0) 711 \/ 640 22 62praxis@physio-im-sueden.de Vertreten durch:Sabine Kranzler Berufsbezeichnung:Physiotherapeutin, Heilpraktikerin, nach dem Recht der Bundesrepublik Deutschland Berufsrechtliche Regelung:Gesetz \u00fcber die Berufe in der Physiotherapie (Masseur- und Physiotherapeutengesetz &#8211; MPhG)http:\/\/www.gesetze-im-internet.de\/mphg\/MPhG.pdfGesetz \u00fcber die berufsm\u00e4\u00dfige Aus\u00fcbung der Heilkunde ohne Bestallung (Heilpraktikergesetz)http:\/\/www.gesetze-im-internet.de\/heilprg\/HeilprG.pdf Zust\u00e4ndige Aufsichtsbeh\u00f6rde:Gesundheitsamt Stuttgart Fotos:Sandra [&hellip;]<\/p>\n","protected":false},"author":1,"featured_media":0,"parent":0,"menu_order":0,"comment_status":"closed","ping_status":"closed","template":"full-width.php","meta":[],"acf":[],"_links":{"self":[{"href":"https:\/\/physio-im-sueden.de\/index.php?rest_route=\/wp\/v2\/pages\/840"}],"collection":[{"href":"https:\/\/physio-im-sueden.de\/index.php?rest_route=\/wp\/v2\/pages"}],"about":[{"href":"https:\/\/physio-im-sueden.de\/index.php?rest_route=\/wp\/v2\/types\/page"}],"author":[{"embeddable":true,"href":"https:\/\/physio-im-sueden.de\/index.php?rest_route=\/wp\/v2\/users\/1"}],"replies":[{"embeddable":true,"href":"https:\/\/physio-im-sueden.de\/index.php?rest_route=%2Fwp%2Fv2%2Fcomments&post=840"}],"version-history":[{"count":45,"href":"https:\/\/physio-im-sueden.de\/index.php?rest_route=\/wp\/v2\/pages\/840\/revisions"}],"predecessor-version":[{"id":1536,"href":"https:\/\/physio-im-sueden.de\/index.php?rest_route=\/wp\/v2\/pages\/840\/revisions\/1536"}],"wp:attachment":[{"href":"https:\/\/physio-im-sueden.de\/index.php?rest_route=%2Fwp%2Fv2%2Fmedia&parent=840"}],"curies":[{"name":"wp","href":"https:\/\/api.w.org\/{rel}","templated":true}]}}